{"id":2,"date":"2012-03-23T18:39:59","date_gmt":"2012-03-23T18:39:59","guid":{"rendered":"http:\/\/wikiprint.cat\/web\/?page_id=2"},"modified":"2012-11-05T20:00:48","modified_gmt":"2012-11-05T20:00:48","slug":"nosotros","status":"publish","type":"page","link":"https:\/\/wikiprint.cat\/web\/nosotros\/","title":{"rendered":"Quienes somos"},"content":{"rendered":"<p><strong>Wikiprint<\/strong> es una empresa fundada en 1992 con la filosof\u00eda de brindar un servicio personalizado a nuestros clientes, en sus necesidades de impresi\u00f3n y dise\u00f1o, ofreciendo el mejor costo-beneficio con un estricto control de calidad, lo que nos ha permitido mantenernos en la industria de las artes gr\u00e1ficas con \u00e9xito durante estos 20 a\u00f1os.<\/p>\n<p>Saber combinar el trato humano con la \u00faltimas tecnolog\u00edas es lo que nos ha distinguido en estos \u00faltimos a\u00f1os.<\/p>\n<h2>Principios<\/h2>\n<ul>\n<li>Servicio personalizado a nuestros clientes.<\/li>\n<li>Ofrecer el mejor costo-beneficio.<\/li>\n<li>Comprometidos con la calidad.<\/li>\n<li>El cliente es nuestra raz\u00f3n de ser.<\/li>\n<li>Trabajo en equipo.<\/li>\n<li>Honestidad y alto nivel \u00e9tico.<\/li>\n<\/ul>\n<h2>Pol\u00edtica de calidad<\/h2>\n<p>Satisfacer las necesidades de nuestros clientes asegurando la calidad, uniformidad y confiabilidad de nuestros productos y servicios, respaldando nuestros procesos con procedimientos y metodolog\u00edas bien estructurados y mediante la capacitaci\u00f3n continua de nuestros asociados.<\/p>\n","protected":false},"excerpt":{"rendered":"<p>Wikiprint es una empresa fundada en 1992 con la filosof\u00eda de brindar un servicio personalizado a nuestros clientes, en sus necesidades de impresi\u00f3n y dise\u00f1o, ofreciendo el mejor costo-beneficio con un estricto control de calidad, lo que nos ha permitido mantenernos en la industria de las artes gr\u00e1ficas con \u00e9xitoLeer m&Atilde;&iexcl;s<\/p>\n","protected":false},"author":3,"featured_media":0,"parent":0,"menu_order":0,"comment_status":"open","ping_status":"closed","template":"","meta":{"footnotes":""},"class_list":["post-2","page","type-page","status-publish","hentry"],"_links":{"self":[{"href":"https:\/\/wikiprint.cat\/web\/wp-json\/wp\/v2\/pages\/2","targetHints":{"allow":["GET"]}}],"collection":[{"href":"https:\/\/wikiprint.cat\/web\/wp-json\/wp\/v2\/pages"}],"about":[{"href":"https:\/\/wikiprint.cat\/web\/wp-json\/wp\/v2\/types\/page"}],"author":[{"embeddable":true,"href":"https:\/\/wikiprint.cat\/web\/wp-json\/wp\/v2\/users\/3"}],"replies":[{"embeddable":true,"href":"https:\/\/wikiprint.cat\/web\/wp-json\/wp\/v2\/comments?post=2"}],"version-history":[{"count":17,"href":"https:\/\/wikiprint.cat\/web\/wp-json\/wp\/v2\/pages\/2\/revisions"}],"predecessor-version":[{"id":457,"href":"https:\/\/wikiprint.cat\/web\/wp-json\/wp\/v2\/pages\/2\/revisions\/457"}],"wp:attachment":[{"href":"https:\/\/wikiprint.cat\/web\/wp-json\/wp\/v2\/media?parent=2"}],"curies":[{"name":"wp","href":"https:\/\/api.w.org\/{rel}","templated":true}]}}