{"id":246,"date":"2011-11-17T14:33:39","date_gmt":"2011-11-17T14:33:39","guid":{"rendered":"http:\/\/themes.charcoal.gambit.ph\/?page_id=5"},"modified":"2012-12-05T10:23:23","modified_gmt":"2012-12-05T10:23:23","slug":"frontpage","status":"publish","type":"page","link":"https:\/\/wikiprint.cat\/web\/frontpage\/","title":{"rendered":"Frontpage"},"content":{"rendered":"<h1 style=\"text-align: center;\">Tu imprenta de confianza<\/h1>\n<h3 style=\"text-align: center;\">Somos especialistas en impresi\u00f3n offset, digital, serigraf\u00eda, impresi\u00f3n en gran formato, dise\u00f1o gr\u00e1fico, rotulaci\u00f3n y papeler\u00eda corporativa.<\/h3>\n<p style=\"text-align: left;\">\n","protected":false},"excerpt":{"rendered":"<p>Tu imprenta de confianza Somos especialistas en impresi\u00f3n offset, digital, serigraf\u00eda, impresi\u00f3n en gran formato, dise\u00f1o gr\u00e1fico, rotulaci\u00f3n y papeler\u00eda corporativa.<\/p>\n","protected":false},"author":2,"featured_media":0,"parent":0,"menu_order":0,"comment_status":"open","ping_status":"closed","template":"","meta":{"footnotes":""},"class_list":["post-246","page","type-page","status-publish","hentry"],"_links":{"self":[{"href":"https:\/\/wikiprint.cat\/web\/wp-json\/wp\/v2\/pages\/246","targetHints":{"allow":["GET"]}}],"collection":[{"href":"https:\/\/wikiprint.cat\/web\/wp-json\/wp\/v2\/pages"}],"about":[{"href":"https:\/\/wikiprint.cat\/web\/wp-json\/wp\/v2\/types\/page"}],"author":[{"embeddable":true,"href":"https:\/\/wikiprint.cat\/web\/wp-json\/wp\/v2\/users\/2"}],"replies":[{"embeddable":true,"href":"https:\/\/wikiprint.cat\/web\/wp-json\/wp\/v2\/comments?post=246"}],"version-history":[{"count":34,"href":"https:\/\/wikiprint.cat\/web\/wp-json\/wp\/v2\/pages\/246\/revisions"}],"predecessor-version":[{"id":316,"href":"https:\/\/wikiprint.cat\/web\/wp-json\/wp\/v2\/pages\/246\/revisions\/316"}],"wp:attachment":[{"href":"https:\/\/wikiprint.cat\/web\/wp-json\/wp\/v2\/media?parent=246"}],"curies":[{"name":"wp","href":"https:\/\/api.w.org\/{rel}","templated":true}]}}