{"id":506,"date":"2012-11-06T13:25:17","date_gmt":"2012-11-06T13:25:17","guid":{"rendered":"http:\/\/wikiprint.cat\/web\/?page_id=506"},"modified":"2014-10-31T07:59:12","modified_gmt":"2014-10-31T07:59:12","slug":"aviso-legal","status":"publish","type":"page","link":"https:\/\/wikiprint.cat\/web\/aviso-legal\/","title":{"rendered":"Aviso Legal"},"content":{"rendered":"<p>&nbsp;<\/p>\n<div><img loading=\"lazy\" decoding=\"async\" src=\"http:\/\/avisolegalonline.es\/wp-content\/uploads\/2012\/02\/icono-home.png\" alt=\"Responsable Legal\" width=\"32\" height=\"32\" \/><strong>Responsable Legal<\/strong><\/div>\n<div>\n<p>Wikiprint.<\/p>\n<p>Carrer Roguer de Flor 308, 08025, Barcelona<\/p>\n<p>Email de Contacto:\u00a0<a href=\"mailto:info@wikiprint.cat\">info@wikiprint.cat<\/a><\/p>\n<p>Tlf:\u00a093 459 00 04<\/p>\n<p>Datos Registrales: Inscrita en el Registro Mercantil de Barcelona<\/p>\n<\/div>\n<div>\n<div><img loading=\"lazy\" decoding=\"async\" src=\"http:\/\/avisolegalonline.es\/wp-content\/uploads\/2012\/02\/PC.png\" alt=\"Condiciones de Uso\" width=\"32\" height=\"32\" \/><strong>Condiciones de Uso<\/strong><\/div>\n<div>\n<p>Las presentes condiciones legales regulan el uso permitido de esta p\u00e1gina web que Grafik 170, en adelante, (WIKIPRINT.CAT) pone gratuitamente a disposici\u00f3n de los usuarios de Internet. No obstante, algunos de los productos, servicios o contenidos albergados en esta p\u00e1gina pueden estar sujetos a contrataci\u00f3n previa por lo que adem\u00e1s, se regir\u00e1n por las condiciones generales y particulares de contrataci\u00f3n. Si no est\u00e1 conforme con estas condiciones legales debe abandonar esta p\u00e1gina web.<\/p>\n<p>El Usuario se obliga a usar la web, los servicios y sus contenidos de forma diligente, correcta y l\u00edcita y en particular, deber\u00e1 abstenerse de:<\/p>\n<p>&#8211; Suprimir, eludir o manipular el \u201ccopyright\u201d y dem\u00e1s datos identificativos de los derechos de sus titulares incorporados a los contenidos, as\u00ed como los dispositivos t\u00e9cnicos de protecci\u00f3n, o cualesquiera mecanismos de informaci\u00f3n que pudieren contener los contenidos.<\/p>\n<p>&#8211; Introducir programas, virus, macros o cualquier otro dispositivo l\u00f3gico o secuencia de caracteres que causen o sean susceptibles de causar cualquier tipo de alteraci\u00f3n en la p\u00e1gina web o los sistemas inform\u00e1ticos que la soportan.<\/p>\n<p>&#8211; Usar o instalar programas o dispositivos capaces de invalidar\u00a0 los controles o contrase\u00f1as de seguridad, establecidos por \u00a0WIKIPRINT.CAT, estando igualmente prohibido descifrar las claves, sistemas o algoritmos de cifrado o cualquier otro elemento de seguridad de la p\u00e1gina web o cualquiera de sus usuarios.<\/p>\n<p>&#8211; Realizar copia o captura de pantallas de la p\u00e1gina web, sin autorizaci\u00f3n expresa de\u00a0WIKIPRINT.CAT.<\/p>\n<p>&#8211; Efectuar copias o versiones de la p\u00e1gina web o su c\u00f3digo fuente, sin el consentimiento expreso de WIKIPRINT.CAT.<\/p>\n<p>&#8211; Realizar cualquier tipo de comportamiento contrario a la Ley o la buena fe.<\/p>\n<\/div>\n<\/div>\n<div>\n<div><img loading=\"lazy\" decoding=\"async\" src=\"http:\/\/avisolegalonline.es\/wp-content\/uploads\/2012\/02\/Responsabilidad.png\" alt=\"Exclusi\u00f3n de Responsabilidad\" width=\"32\" height=\"32\" \/><strong>Exclusi\u00f3n de Responsabilidad<\/strong><\/div>\n<div>\n<p>WIKIPRINT.CAT, no se hace responsable de las p\u00e9rdidas o perjuicios que pueda ocasionar al usuario por \u00a0virus, indisponibilidad o cualquier otro comportamiento an\u00f3malo de la p\u00e1gina web. WIKIPRINT.CAT, ha adoptado todas las medidas de seguridad a su alcance y seg\u00fan el estado actual de la t\u00e9cnica, para garantizar el correcto funcionamiento de la web y evitar la generaci\u00f3n de cualquier tipo de da\u00f1o al usuario.<\/p>\n<\/div>\n<\/div>\n<div>\n<div><img loading=\"lazy\" decoding=\"async\" src=\"http:\/\/avisolegalonline.es\/wp-content\/uploads\/2012\/02\/Enlace.png\" alt=\"Enlaces\" width=\"32\" height=\"32\" \/><strong>Enlaces<\/strong><\/div>\n<div>\n<p>WIKIPRINT.CAT\u00a0declina cualquier responsabilidad por los servicios y\/o informaci\u00f3n que se preste en otras p\u00e1ginas enlazadas con esta Web. WIKIPRINT.CAT\u00a0no controla ni ejerce ning\u00fan tipo de supervisi\u00f3n sobre las p\u00e1ginas enlazadas. Los usuarios que utilicen estos enlaces deber\u00e1n consultar las condiciones legales expuestas en las p\u00e1ginas de destino.<\/p>\n<\/div>\n<\/div>\n<div>\n<div><img loading=\"lazy\" decoding=\"async\" src=\"http:\/\/avisolegalonline.es\/wp-content\/uploads\/2012\/02\/Propiedad-Intelectual.png\" alt=\"Propiedad Intelectual\" width=\"32\" height=\"32\" \/><strong>Propiedad Intelectual<\/strong><\/div>\n<div>\n<p>Los textos, im\u00e1genes, logos, signos distintivos, sonidos, animaciones, v\u00eddeos, c\u00f3digo fuente y resto de contenidos incluidos en esta web son propiedad de WIKIPRINT.CAT, o dispone en su caso, del permiso para su uso y\/o explotaci\u00f3n.<\/p>\n<p>Los usuarios de esta p\u00e1gina web podr\u00e1n llevar a cabo la reproducci\u00f3n o almacenamiento de los contenidos almacenados en esta p\u00e1gina para su exclusivo uso personal o las finalidades autorizadas en las condiciones legales de contrataci\u00f3n de nuestros productos y servicios. Cualquier otra transmisi\u00f3n, distribuci\u00f3n, reproducci\u00f3n o almacenamiento, total o parcial, de los contenidos almacenados en esta web, queda expresamente prohibida salvo previo y expreso consentimiento de WIKIPRINT.CAT.<\/p>\n<\/div>\n<\/div>\n<div>\n<div><img loading=\"lazy\" decoding=\"async\" src=\"http:\/\/avisolegalonline.es\/wp-content\/uploads\/2012\/02\/legislacion.png\" alt=\"Legislaci\u00f3n y Jurisdicci\u00f3n\" width=\"32\" height=\"32\" \/><strong>Legislaci\u00f3n y Jurisdicci\u00f3n<\/strong><\/div>\n<div>\n<p>Esta p\u00e1gina web se encuentra sometida a la legislaci\u00f3n Espa\u00f1ola y en caso de litigio o controversia surgida del uso de esta p\u00e1gina web, ambas partes se someten a la jurisdicci\u00f3n de los tribunales de la ciudad de\u00a0Barcelona (Espa\u00f1a). Esta cl\u00e1usula de sumisi\u00f3n expresa a los tribunales de la ciudad de Barcelona, no ser\u00e1 aplicable para los supuestos de litigio con los usuarios de la web que seg\u00fan la legislaci\u00f3n vigente ostenten la condici\u00f3n de consumidores, en cuyo caso ambas partes estar\u00e1n sometidos a la jurisdicci\u00f3n de los Juzgados y Tribunales de residencia del consumidor.<\/p>\n<\/div>\n<\/div>\n<div>\n<div><img loading=\"lazy\" decoding=\"async\" src=\"http:\/\/avisolegalonline.es\/wp-content\/uploads\/2012\/02\/version2.png\" alt=\"Versi\u00f3n\" width=\"32\" height=\"32\" \/><strong>Versi\u00f3n<\/strong><\/div>\n<div>\n<p>Este Aviso Legal es de fecha 20\/11\/2012 y cualquier modificaci\u00f3n de sus t\u00e9rminos ser\u00e1 publicada en la p\u00e1gina web.<\/p>\n<\/div>\n<\/div>\n<p>&nbsp;<\/p>\n","protected":false},"excerpt":{"rendered":"<p>&nbsp; Responsable Legal Wikiprint. Carrer Roguer de Flor 308, 08025, Barcelona Email de Contacto:\u00a0info@wikiprint.cat Tlf:\u00a093 459 00 04 Datos Registrales: Inscrita en el Registro Mercantil de Barcelona Condiciones de Uso Las presentes condiciones legales regulan el uso permitido de esta p\u00e1gina web que Grafik 170, en adelante, (WIKIPRINT.CAT) pone gratuitamenteLeer m&Atilde;&iexcl;s<\/p>\n","protected":false},"author":3,"featured_media":0,"parent":0,"menu_order":0,"comment_status":"closed","ping_status":"closed","template":"","meta":{"footnotes":""},"class_list":["post-506","page","type-page","status-publish","hentry"],"_links":{"self":[{"href":"https:\/\/wikiprint.cat\/web\/wp-json\/wp\/v2\/pages\/506","targetHints":{"allow":["GET"]}}],"collection":[{"href":"https:\/\/wikiprint.cat\/web\/wp-json\/wp\/v2\/pages"}],"about":[{"href":"https:\/\/wikiprint.cat\/web\/wp-json\/wp\/v2\/types\/page"}],"author":[{"embeddable":true,"href":"https:\/\/wikiprint.cat\/web\/wp-json\/wp\/v2\/users\/3"}],"replies":[{"embeddable":true,"href":"https:\/\/wikiprint.cat\/web\/wp-json\/wp\/v2\/comments?post=506"}],"version-history":[{"count":8,"href":"https:\/\/wikiprint.cat\/web\/wp-json\/wp\/v2\/pages\/506\/revisions"}],"predecessor-version":[{"id":892,"href":"https:\/\/wikiprint.cat\/web\/wp-json\/wp\/v2\/pages\/506\/revisions\/892"}],"wp:attachment":[{"href":"https:\/\/wikiprint.cat\/web\/wp-json\/wp\/v2\/media?parent=506"}],"curies":[{"name":"wp","href":"https:\/\/api.w.org\/{rel}","templated":true}]}}